{"id":114,"date":"2025-02-14T09:41:32","date_gmt":"2025-02-14T09:41:32","guid":{"rendered":"https:\/\/blue-stars.net\/?post_type=product&#038;p=114"},"modified":"2025-02-17T20:15:04","modified_gmt":"2025-02-17T20:15:04","slug":"dartboard-blade-6-dual-core","status":"publish","type":"product","link":"https:\/\/blue-stars.net\/?product=dartboard-blade-6-dual-core","title":{"rendered":"Dartboard Blade 6 Dual Core"},"content":{"rendered":"<p>Die fein abgestimmten Innovationen des Blade 6 Dual Core sind ein Statement f\u00fcr Leistung und Qualit\u00e4t, gemacht f\u00fcr den aufstrebendsten Dartspieler.<\/p>\n<p>Die patentierte Dual-Core-Dartscheibenbasis bietet eine nahtlose, gut sichtbare Spieloberfl\u00e4che und eine optimierte Kerndichte f\u00fcr maximale Punktzahl. Die reduzierte Dichte am \u00e4u\u00dferen Kern erleichtert das reibungslose Eindringen der Pfeile, w\u00e4hrend der hochdichte Innenkern \u00fcbersch\u00fcssige kinetische Energie absorbiert und so den Halt und die Haltbarkeit der Pfeile optimiert.<\/p>\n<p>Das bahnbrechende Webdesign von Blade verf\u00fcgt \u00fcber den neuesten \u201eDensity Control\u2122\u201c-Draht f\u00fcr optimale Faserdichte und verbesserte Dartretention in den Double-, Treble- und Bullseye-Zonen, f\u00fcr maximale Scoring-Power.<\/p>\n<p>Der ultrad\u00fcnne, um 60\u00b0 abgewinkelte Draht lenkt die Pfeile in den Scoring-Bereich und sorgt so f\u00fcr ein absolut minimales Abprallen. Das vollst\u00e4ndig geh\u00e4rtete Bullseye und der \u00e4u\u00dfere Bullseye mit \u201eDensity Control\u2122\u201c-Draht sind jetzt 25 % d\u00fcnner.<\/p>\n<p>Ausgestattet mit dem einfach verstellbaren Rota-Lock-Montagesystem passt der Blade 6 Dual Core an jede Wand, sodass Sie innerhalb weniger Minuten mit dem Spielen beginnen k\u00f6nnen.<\/p>\n<p>Hergestellt aus feinstem ostafrikanischen Sisal f\u00fcr die anspruchsvollsten Spieler und Umgebungen. Blade 6 Dual Core ist f\u00fcr professionelle Turniere zugelassen und wird nach den offiziellen Spezifikationen der World Darts Federation hergestellt.<\/p>\n","protected":false},"excerpt":{"rendered":"<p>Die neueste Dartboard-Serie der Blade-Serie bietet atemberaubendes Design, Innovation und Handwerkskunst und verf\u00fcgt \u00fcber die neueste Dartboard-Technologie der sechsten Generation von Winmau.<\/p>\n","protected":false},"featured_media":115,"comment_status":"open","ping_status":"closed","template":"","meta":[],"product_brand":[21],"product_cat":[20],"product_tag":[23,22,25,24],"class_list":{"0":"post-114","1":"product","2":"type-product","3":"status-publish","4":"has-post-thumbnail","6":"product_brand-winmau","7":"product_cat-dartboards","8":"product_tag-blade-6","9":"product_tag-dartboard","10":"product_tag-dual-core","11":"product_tag-winmau","13":"first","14":"instock","15":"sale","16":"shipping-taxable","17":"purchasable","18":"product-type-simple"},"yoast_head":"<!-- This site is optimized with the Yoast SEO plugin v27.2 - https:\/\/yoast.com\/product\/yoast-seo-wordpress\/ -->\n<title>Dartboard Blade 6 Dual Core - SV Blue Stars W<\/title>\n<meta name=\"description\" content=\"Die neueste Technologie in der Dartboard-Herstellung. Zu g\u00fcnstigsten Preisen direkt beim Dartverein zu erwerben. Rabatte f\u00fcr Mitglieder.\" \/>\n<meta name=\"robots\" content=\"index, follow, max-snippet:-1, max-image-preview:large, max-video-preview:-1\" \/>\n<link rel=\"canonical\" href=\"https:\/\/blue-stars.net\/?product=dartboard-blade-6-dual-core\" \/>\n<meta property=\"og:locale\" content=\"de_DE\" \/>\n<meta property=\"og:type\" content=\"article\" \/>\n<meta property=\"og:title\" content=\"Dartboard Blade 6 Dual Core - SV Blue Stars W\" \/>\n<meta property=\"og:description\" content=\"Die neueste Technologie in der Dartboard-Herstellung. Zu g\u00fcnstigsten Preisen direkt beim Dartverein zu erwerben. Rabatte f\u00fcr Mitglieder.\" \/>\n<meta property=\"og:url\" content=\"https:\/\/blue-stars.net\/?product=dartboard-blade-6-dual-core\" \/>\n<meta property=\"og:site_name\" content=\"SV Blue Stars W\" \/>\n<meta property=\"article:modified_time\" content=\"2025-02-17T20:15:04+00:00\" \/>\n<meta property=\"og:image\" content=\"https:\/\/blue-stars.net\/wp-content\/uploads\/2025\/02\/Blade-6-Dual-Core-1-1024x1024.png\" \/>\n\t<meta property=\"og:image:width\" content=\"1024\" \/>\n\t<meta property=\"og:image:height\" content=\"1024\" \/>\n\t<meta property=\"og:image:type\" content=\"image\/png\" \/>\n<meta name=\"twitter:card\" content=\"summary_large_image\" \/>\n<meta name=\"twitter:label1\" content=\"Gesch\u00e4tzte Lesezeit\" \/>\n\t<meta name=\"twitter:data1\" content=\"2\u00a0Minuten\" \/>\n<script type=\"application\/ld+json\" class=\"yoast-schema-graph\">{\"@context\":\"https:\/\/schema.org\",\"@graph\":[{\"@type\":\"WebPage\",\"@id\":\"https:\/\/blue-stars.net\/?product=dartboard-blade-6-dual-core\",\"url\":\"https:\/\/blue-stars.net\/?product=dartboard-blade-6-dual-core\",\"name\":\"Dartboard Blade 6 Dual Core - SV Blue Stars W\",\"isPartOf\":{\"@id\":\"https:\/\/blue-stars.net\/#website\"},\"primaryImageOfPage\":{\"@id\":\"https:\/\/blue-stars.net\/?product=dartboard-blade-6-dual-core#primaryimage\"},\"image\":{\"@id\":\"https:\/\/blue-stars.net\/?product=dartboard-blade-6-dual-core#primaryimage\"},\"thumbnailUrl\":\"https:\/\/blue-stars.net\/wp-content\/uploads\/2025\/02\/Blade-6-Dual-Core-1.png\",\"datePublished\":\"2025-02-14T09:41:32+00:00\",\"dateModified\":\"2025-02-17T20:15:04+00:00\",\"description\":\"Die neueste Technologie in der Dartboard-Herstellung. Zu g\u00fcnstigsten Preisen direkt beim Dartverein zu erwerben. Rabatte f\u00fcr Mitglieder.\",\"breadcrumb\":{\"@id\":\"https:\/\/blue-stars.net\/?product=dartboard-blade-6-dual-core#breadcrumb\"},\"inLanguage\":\"de\",\"potentialAction\":[{\"@type\":\"ReadAction\",\"target\":[\"https:\/\/blue-stars.net\/?product=dartboard-blade-6-dual-core\"]}]},{\"@type\":\"ImageObject\",\"inLanguage\":\"de\",\"@id\":\"https:\/\/blue-stars.net\/?product=dartboard-blade-6-dual-core#primaryimage\",\"url\":\"https:\/\/blue-stars.net\/wp-content\/uploads\/2025\/02\/Blade-6-Dual-Core-1.png\",\"contentUrl\":\"https:\/\/blue-stars.net\/wp-content\/uploads\/2025\/02\/Blade-6-Dual-Core-1.png\",\"width\":5000,\"height\":5000},{\"@type\":\"BreadcrumbList\",\"@id\":\"https:\/\/blue-stars.net\/?product=dartboard-blade-6-dual-core#breadcrumb\",\"itemListElement\":[{\"@type\":\"ListItem\",\"position\":1,\"name\":\"Startseite\",\"item\":\"https:\/\/blue-stars.net\/\"},{\"@type\":\"ListItem\",\"position\":2,\"name\":\"Shop\",\"item\":\"https:\/\/blue-stars.net\/?page_id=6\"},{\"@type\":\"ListItem\",\"position\":3,\"name\":\"Dartboard Blade 6 Dual Core\"}]},{\"@type\":\"WebSite\",\"@id\":\"https:\/\/blue-stars.net\/#website\",\"url\":\"https:\/\/blue-stars.net\/\",\"name\":\"SV Blue Stars W\",\"description\":\"der etwas andere Dartverein\",\"publisher\":{\"@id\":\"https:\/\/blue-stars.net\/#organization\"},\"potentialAction\":[{\"@type\":\"SearchAction\",\"target\":{\"@type\":\"EntryPoint\",\"urlTemplate\":\"https:\/\/blue-stars.net\/?s={search_term_string}\"},\"query-input\":{\"@type\":\"PropertyValueSpecification\",\"valueRequired\":true,\"valueName\":\"search_term_string\"}}],\"inLanguage\":\"de\"},{\"@type\":\"Organization\",\"@id\":\"https:\/\/blue-stars.net\/#organization\",\"name\":\"SV Blue Stars W\",\"url\":\"https:\/\/blue-stars.net\/\",\"logo\":{\"@type\":\"ImageObject\",\"inLanguage\":\"de\",\"@id\":\"https:\/\/blue-stars.net\/#\/schema\/logo\/image\/\",\"url\":\"https:\/\/blue-stars.net\/wp-content\/uploads\/2025\/02\/sv_blue_stars_logo-1.png\",\"contentUrl\":\"https:\/\/blue-stars.net\/wp-content\/uploads\/2025\/02\/sv_blue_stars_logo-1.png\",\"width\":1773,\"height\":1690,\"caption\":\"SV Blue Stars W\"},\"image\":{\"@id\":\"https:\/\/blue-stars.net\/#\/schema\/logo\/image\/\"}}]}<\/script>\n<!-- \/ Yoast SEO plugin. -->","yoast_head_json":{"title":"Dartboard Blade 6 Dual Core - SV Blue Stars W","description":"Die neueste Technologie in der Dartboard-Herstellung. Zu g\u00fcnstigsten Preisen direkt beim Dartverein zu erwerben. Rabatte f\u00fcr Mitglieder.","robots":{"index":"index","follow":"follow","max-snippet":"max-snippet:-1","max-image-preview":"max-image-preview:large","max-video-preview":"max-video-preview:-1"},"canonical":"https:\/\/blue-stars.net\/?product=dartboard-blade-6-dual-core","og_locale":"de_DE","og_type":"article","og_title":"Dartboard Blade 6 Dual Core - SV Blue Stars W","og_description":"Die neueste Technologie in der Dartboard-Herstellung. Zu g\u00fcnstigsten Preisen direkt beim Dartverein zu erwerben. Rabatte f\u00fcr Mitglieder.","og_url":"https:\/\/blue-stars.net\/?product=dartboard-blade-6-dual-core","og_site_name":"SV Blue Stars W","article_modified_time":"2025-02-17T20:15:04+00:00","og_image":[{"width":1024,"height":1024,"url":"https:\/\/blue-stars.net\/wp-content\/uploads\/2025\/02\/Blade-6-Dual-Core-1-1024x1024.png","type":"image\/png"}],"twitter_card":"summary_large_image","twitter_misc":{"Gesch\u00e4tzte Lesezeit":"2\u00a0Minuten"},"schema":{"@context":"https:\/\/schema.org","@graph":[{"@type":"WebPage","@id":"https:\/\/blue-stars.net\/?product=dartboard-blade-6-dual-core","url":"https:\/\/blue-stars.net\/?product=dartboard-blade-6-dual-core","name":"Dartboard Blade 6 Dual Core - SV Blue Stars W","isPartOf":{"@id":"https:\/\/blue-stars.net\/#website"},"primaryImageOfPage":{"@id":"https:\/\/blue-stars.net\/?product=dartboard-blade-6-dual-core#primaryimage"},"image":{"@id":"https:\/\/blue-stars.net\/?product=dartboard-blade-6-dual-core#primaryimage"},"thumbnailUrl":"https:\/\/blue-stars.net\/wp-content\/uploads\/2025\/02\/Blade-6-Dual-Core-1.png","datePublished":"2025-02-14T09:41:32+00:00","dateModified":"2025-02-17T20:15:04+00:00","description":"Die neueste Technologie in der Dartboard-Herstellung. Zu g\u00fcnstigsten Preisen direkt beim Dartverein zu erwerben. Rabatte f\u00fcr Mitglieder.","breadcrumb":{"@id":"https:\/\/blue-stars.net\/?product=dartboard-blade-6-dual-core#breadcrumb"},"inLanguage":"de","potentialAction":[{"@type":"ReadAction","target":["https:\/\/blue-stars.net\/?product=dartboard-blade-6-dual-core"]}]},{"@type":"ImageObject","inLanguage":"de","@id":"https:\/\/blue-stars.net\/?product=dartboard-blade-6-dual-core#primaryimage","url":"https:\/\/blue-stars.net\/wp-content\/uploads\/2025\/02\/Blade-6-Dual-Core-1.png","contentUrl":"https:\/\/blue-stars.net\/wp-content\/uploads\/2025\/02\/Blade-6-Dual-Core-1.png","width":5000,"height":5000},{"@type":"BreadcrumbList","@id":"https:\/\/blue-stars.net\/?product=dartboard-blade-6-dual-core#breadcrumb","itemListElement":[{"@type":"ListItem","position":1,"name":"Startseite","item":"https:\/\/blue-stars.net\/"},{"@type":"ListItem","position":2,"name":"Shop","item":"https:\/\/blue-stars.net\/?page_id=6"},{"@type":"ListItem","position":3,"name":"Dartboard Blade 6 Dual Core"}]},{"@type":"WebSite","@id":"https:\/\/blue-stars.net\/#website","url":"https:\/\/blue-stars.net\/","name":"SV Blue Stars W","description":"der etwas andere Dartverein","publisher":{"@id":"https:\/\/blue-stars.net\/#organization"},"potentialAction":[{"@type":"SearchAction","target":{"@type":"EntryPoint","urlTemplate":"https:\/\/blue-stars.net\/?s={search_term_string}"},"query-input":{"@type":"PropertyValueSpecification","valueRequired":true,"valueName":"search_term_string"}}],"inLanguage":"de"},{"@type":"Organization","@id":"https:\/\/blue-stars.net\/#organization","name":"SV Blue Stars W","url":"https:\/\/blue-stars.net\/","logo":{"@type":"ImageObject","inLanguage":"de","@id":"https:\/\/blue-stars.net\/#\/schema\/logo\/image\/","url":"https:\/\/blue-stars.net\/wp-content\/uploads\/2025\/02\/sv_blue_stars_logo-1.png","contentUrl":"https:\/\/blue-stars.net\/wp-content\/uploads\/2025\/02\/sv_blue_stars_logo-1.png","width":1773,"height":1690,"caption":"SV Blue Stars W"},"image":{"@id":"https:\/\/blue-stars.net\/#\/schema\/logo\/image\/"}}]}},"jetpack_sharing_enabled":true,"_links":{"self":[{"href":"https:\/\/blue-stars.net\/index.php?rest_route=\/wp\/v2\/product\/114","targetHints":{"allow":["GET"]}}],"collection":[{"href":"https:\/\/blue-stars.net\/index.php?rest_route=\/wp\/v2\/product"}],"about":[{"href":"https:\/\/blue-stars.net\/index.php?rest_route=\/wp\/v2\/types\/product"}],"replies":[{"embeddable":true,"href":"https:\/\/blue-stars.net\/index.php?rest_route=%2Fwp%2Fv2%2Fcomments&post=114"}],"wp:featuredmedia":[{"embeddable":true,"href":"https:\/\/blue-stars.net\/index.php?rest_route=\/wp\/v2\/media\/115"}],"wp:attachment":[{"href":"https:\/\/blue-stars.net\/index.php?rest_route=%2Fwp%2Fv2%2Fmedia&parent=114"}],"wp:term":[{"taxonomy":"product_brand","embeddable":true,"href":"https:\/\/blue-stars.net\/index.php?rest_route=%2Fwp%2Fv2%2Fproduct_brand&post=114"},{"taxonomy":"product_cat","embeddable":true,"href":"https:\/\/blue-stars.net\/index.php?rest_route=%2Fwp%2Fv2%2Fproduct_cat&post=114"},{"taxonomy":"product_tag","embeddable":true,"href":"https:\/\/blue-stars.net\/index.php?rest_route=%2Fwp%2Fv2%2Fproduct_tag&post=114"}],"curies":[{"name":"wp","href":"https:\/\/api.w.org\/{rel}","templated":true}]}}